{"id":69,"date":"2021-07-02T05:14:55","date_gmt":"2021-07-02T05:14:55","guid":{"rendered":"http:\/\/studioyangsheng.com\/?page_id=69"},"modified":"2021-07-02T05:41:33","modified_gmt":"2021-07-02T05:41:33","slug":"studio-yangsheng-home","status":"publish","type":"page","link":"https:\/\/studioyangsheng.com\/","title":{"rendered":"Studio Yangsheng Home"},"content":{"rendered":"<ul class=\"wp-block-latest-posts__list wp-block-latest-posts\"><li><a href=\"https:\/\/studioyangsheng.com\/index.php\/2024\/07\/13\/prof-hu-xiaofein-ba-duan-jin-harjoittelussa\/\">Prof. Hu Xiaofein Ba Duan Jin harjoittelussa<\/a><div class=\"wp-block-latest-posts__post-excerpt\">Prof. Hu Xiaofein Ba Duan Jin -sarja B\u0101 du\u00e0n j\u01d0n, \u516b\u6bb5\u9326, tunnetaan my\u00f6s nimell\u00e4 &#8220;Kahdeksan brokadiliikett\u00e4&#8221;, on perinteinen kiinalainen qigong-harjoitus, joka juontaa juurensa Song-dynastiaan (960\u20131279 jKr.). Nimi viittaa kahdeksaan erilliseen liikkeeseen, jotka muistuttavat brokadikangasta, viitaten harjoituksen hienostuneisuuteen ja arvokkuuteen. Varhaisimmat kirjalliset maininnat Baduanjinist\u00e4 l\u00f6ytyv\u00e4t Song-dynastian aikaisista teksteist\u00e4, joissa sit\u00e4 kuvataan terveytt\u00e4 ja pitk\u00e4\u00e4 ik\u00e4\u00e4 edist\u00e4v\u00e4n\u00e4&hellip; <a class=\"more-link\" href=\"https:\/\/studioyangsheng.com\/index.php\/2024\/07\/13\/prof-hu-xiaofein-ba-duan-jin-harjoittelussa\/\">Continue reading <span class=\"screen-reader-text\">Prof. Hu Xiaofein Ba Duan Jin harjoittelussa<\/span><\/a><\/div><\/li>\n<li><a href=\"https:\/\/studioyangsheng.com\/index.php\/2021\/08\/29\/116\/\">Welcome to Studio Yangsheng -homepage!<\/a><div class=\"wp-block-latest-posts__post-excerpt\"><\/div><\/li>\n<li><a href=\"https:\/\/studioyangsheng.com\/index.php\/2021\/07\/02\/the-page-is-getting-finally-some-action\/\">The page is getting (finally) some action!<\/a><div class=\"wp-block-latest-posts__post-excerpt\">Hello, after long hibernation there is now a good use of this page. Due morning practice, I will start to add some material for reviewing the routines at the Club-section. You need to register and login to see that content. It is free. Welcome! Aki<\/div><\/li>\n<\/ul>\n\n\n<p><\/p>\n","protected":false},"excerpt":{"rendered":"","protected":false},"author":2,"featured_media":0,"parent":0,"menu_order":0,"comment_status":"closed","ping_status":"closed","template":"","meta":[],"_links":{"self":[{"href":"https:\/\/studioyangsheng.com\/index.php\/wp-json\/wp\/v2\/pages\/69"}],"collection":[{"href":"https:\/\/studioyangsheng.com\/index.php\/wp-json\/wp\/v2\/pages"}],"about":[{"href":"https:\/\/studioyangsheng.com\/index.php\/wp-json\/wp\/v2\/types\/page"}],"author":[{"embeddable":true,"href":"https:\/\/studioyangsheng.com\/index.php\/wp-json\/wp\/v2\/users\/2"}],"replies":[{"embeddable":true,"href":"https:\/\/studioyangsheng.com\/index.php\/wp-json\/wp\/v2\/comments?post=69"}],"version-history":[{"count":3,"href":"https:\/\/studioyangsheng.com\/index.php\/wp-json\/wp\/v2\/pages\/69\/revisions"}],"predecessor-version":[{"id":83,"href":"https:\/\/studioyangsheng.com\/index.php\/wp-json\/wp\/v2\/pages\/69\/revisions\/83"}],"wp:attachment":[{"href":"https:\/\/studioyangsheng.com\/index.php\/wp-json\/wp\/v2\/media?parent=69"}],"curies":[{"name":"wp","href":"https:\/\/api.w.org\/{rel}","templated":true}]}}