{"id":281,"date":"2026-04-05T17:15:47","date_gmt":"2026-04-05T17:15:47","guid":{"rendered":"https:\/\/studioyangsheng.com\/?page_id=281"},"modified":"2026-04-19T10:26:27","modified_gmt":"2026-04-19T10:26:27","slug":"yangsheng-taiji-bang-1","status":"publish","type":"page","link":"https:\/\/studioyangsheng.com\/index.php\/yangsheng-taiji-bang-1\/","title":{"rendered":"Yangsheng Taiji Bang 1"},"content":{"rendered":"\n<p><a href=\"https:\/\/youtu.be\/N3Sepdvgg9Y\" data-type=\"URL\" data-id=\"https:\/\/youtu.be\/N3Sepdvgg9Y\" target=\"_blank\" rel=\"noreferrer noopener\">11.4.2026 Lauantai, 1<\/a> kurssip\u00e4iv\u00e4, nauhoite (seminaarin osallistujille)<\/p>\n\n\n\n<p>12.4.2026 Sunnuntai, 2 kurssip\u00e4iv\u00e4, nauhoite (seminaarin osallistujille)<\/p>\n\n\n\n<figure class=\"wp-block-embed is-type-video is-provider-youtube wp-block-embed-youtube wp-embed-aspect-16-9 wp-has-aspect-ratio\"><div class=\"wp-block-embed__wrapper\">\n<iframe loading=\"lazy\" title=\"ZGD YANGSHENG TAIJI BANG 1 MIRROR\" width=\"750\" height=\"422\" src=\"https:\/\/www.youtube.com\/embed\/ewDYyX8mbC8?feature=oembed\" frameborder=\"0\" allow=\"accelerometer; autoplay; clipboard-write; encrypted-media; gyroscope; picture-in-picture; web-share\" referrerpolicy=\"strict-origin-when-cross-origin\" allowfullscreen><\/iframe>\n<\/div><figcaption>Peilikuva versio<\/figcaption><\/figure>\n\n\n\n<figure class=\"wp-block-embed is-type-video is-provider-youtube wp-block-embed-youtube wp-embed-aspect-16-9 wp-has-aspect-ratio\"><div class=\"wp-block-embed__wrapper\">\n<iframe loading=\"lazy\" title=\"ZGD YANGSHENG TAIJI BANG 1\" width=\"750\" height=\"422\" src=\"https:\/\/www.youtube.com\/embed\/ghGmbCJ3xAc?feature=oembed\" frameborder=\"0\" allow=\"accelerometer; autoplay; clipboard-write; encrypted-media; gyroscope; picture-in-picture; web-share\" referrerpolicy=\"strict-origin-when-cross-origin\" allowfullscreen><\/iframe>\n<\/div><figcaption>Yangsheng Taiji Bang 1<\/figcaption><\/figure>\n\n\n\n<p class=\"has-large-font-size\"><strong>Sarjan nimet suomeksi<\/strong><\/p>\n\n\n\n<p>0, \u517b\u751f\u592a\u6781\u68cd\uff08\u4e00\u5957\uff09, Y\u01cengsh\u0113ng t\u00e0ij\u00ed g\u00f9n (y\u012b t\u00e0o), Terveytt\u00e4 yll\u00e4pit\u00e4v\u00e4 taiji-keppisarja (ensimm\u00e4inen sarja)<br>1, \u5357\u5c71\u732e\u745e, N\u00e1n sh\u0101n xi\u00e0n ru\u00ec, Etel\u00e4inen vuori tarjoaa hyv\u00e4\u00e4 onnea<br>2, \u6d4e\u4e16\u821f\u822a, J\u00ec sh\u00ec zh\u014du h\u00e1ng, Maailmaa auttava vene<br>3, \u7389\u5154\u6363\u836f, Y\u00f9 t\u00f9 d\u01ceo y\u00e0o, Jadej\u00e4nis jauhaa l\u00e4\u00e4kett\u00e4<br>4, \u8dc3\u9a6c\u4e89\u6625, Yu\u00e8 m\u01ce zh\u0113ng ch\u016bn, Hyppiv\u00e4 hevonen kilpailee kev\u00e4\u00e4st\u00e4<br>5, \u82cf\u6d77\u97e9\u6f6e, S\u016b h\u01cei H\u00e1n ch\u00e1o, Su-meren aallot ja Hanin virtaus<br>6, \u5c04\u8eab\u4e0b\u62dc, Sh\u00e8 sh\u0113n xi\u00e0 b\u00e0i, Kumartuu ja laskeutuu alas<br>7, \u4e7e\u5764\u4ea4\u6cf0, Qi\u00e1n k\u016bn ji\u0101o t\u00e0i, Taivas ja maa yhtyv\u00e4t harmoniaan<br>8, \u6000\u62b1\u592a\u6781, Hu\u00e1i b\u00e0o t\u00e0i j\u00ed, Syleilee taijia<\/p>\n\n\n\n<hr class=\"wp-block-separator\"\/>\n\n\n\n<p class=\"has-large-font-size\"><strong>Names of the movements<\/strong><\/p>\n\n\n\n<p>0, \u517b\u751f\u592a\u6781\u68cd\uff08\u4e00\u5957\uff09, Y\u01cengsh\u0113ng t\u00e0ij\u00ed g\u00f9n (y\u012b t\u00e0o), Health-Preserving Taiji Stick (Set 1)<br>1, \u5357\u5c71\u732e\u745e, N\u00e1n sh\u0101n xi\u00e0n ru\u00ec, Southern Mountain Presents Auspiciousness<br>2, \u6d4e\u4e16\u821f\u822a, J\u00ec sh\u00ec zh\u014du h\u00e1ng, Boat of Salvation for the World<br>3, \u7389\u5154\u6363\u836f, Y\u00f9 t\u00f9 d\u01ceo y\u00e0o, Jade Rabbit Pounds the Elixir<br>4, \u8dc3\u9a6c\u4e89\u6625, Yu\u00e8 m\u01ce zh\u0113ng ch\u016bn, Leaping Horse Competes for Spring<br>5, \u82cf\u6d77\u97e9\u6f6e, S\u016b h\u01cei H\u00e1n ch\u00e1o, Waves of Su Sea and Han Tide<br>6, \u5c04\u8eab\u4e0b\u62dc, Sh\u00e8 sh\u0113n xi\u00e0 b\u00e0i, Bend the Body and Bow Down<br>7, \u4e7e\u5764\u4ea4\u6cf0, Qi\u00e1n k\u016bn ji\u0101o t\u00e0i, Heaven and Earth Unite in Harmony<br>8, \u6000\u62b1\u592a\u6781, Hu\u00e1i b\u00e0o t\u00e0i j\u00ed, Embrace Taiji<\/p>\n\n\n\n<hr class=\"wp-block-separator\"\/>\n\n\n\n<p><a href=\"https:\/\/drive.google.com\/file\/d\/1RONlkxJygH3mjttEkbhcLQ4hTpa78xpg\/view?usp=sharing\" data-type=\"URL\" data-id=\"https:\/\/drive.google.com\/file\/d\/1RONlkxJygH3mjttEkbhcLQ4hTpa78xpg\/view?usp=sharing\" target=\"_blank\" rel=\"noreferrer noopener\">Sarj<strong>an musiikin lataus<\/strong><\/a><\/p>\n","protected":false},"excerpt":{"rendered":"<p>11.4.2026 Lauantai, 1 kurssip\u00e4iv\u00e4, nauhoite (seminaarin osallistujille) 12.4.2026 Sunnuntai, 2 kurssip\u00e4iv\u00e4, nauhoite (seminaarin osallistujille) Sarjan nimet suomeksi 0, \u517b\u751f\u592a\u6781\u68cd\uff08\u4e00\u5957\uff09, Y\u01cengsh\u0113ng t\u00e0ij\u00ed g\u00f9n (y\u012b t\u00e0o), Terveytt\u00e4 yll\u00e4pit\u00e4v\u00e4 taiji-keppisarja (ensimm\u00e4inen sarja)1, \u5357\u5c71\u732e\u745e, N\u00e1n sh\u0101n xi\u00e0n ru\u00ec, Etel\u00e4inen vuori tarjoaa hyv\u00e4\u00e4 onnea2, \u6d4e\u4e16\u821f\u822a, J\u00ec sh\u00ec zh\u014du h\u00e1ng, Maailmaa auttava vene3, \u7389\u5154\u6363\u836f, Y\u00f9 t\u00f9 d\u01ceo y\u00e0o, Jadej\u00e4nis jauhaa l\u00e4\u00e4kett\u00e44,&hellip; <a class=\"more-link\" href=\"https:\/\/studioyangsheng.com\/index.php\/yangsheng-taiji-bang-1\/\">Continue reading <span class=\"screen-reader-text\">Yangsheng Taiji Bang 1<\/span><\/a><\/p>\n","protected":false},"author":1,"featured_media":0,"parent":0,"menu_order":0,"comment_status":"closed","ping_status":"closed","template":"","meta":[],"_links":{"self":[{"href":"https:\/\/studioyangsheng.com\/index.php\/wp-json\/wp\/v2\/pages\/281"}],"collection":[{"href":"https:\/\/studioyangsheng.com\/index.php\/wp-json\/wp\/v2\/pages"}],"about":[{"href":"https:\/\/studioyangsheng.com\/index.php\/wp-json\/wp\/v2\/types\/page"}],"author":[{"embeddable":true,"href":"https:\/\/studioyangsheng.com\/index.php\/wp-json\/wp\/v2\/users\/1"}],"replies":[{"embeddable":true,"href":"https:\/\/studioyangsheng.com\/index.php\/wp-json\/wp\/v2\/comments?post=281"}],"version-history":[{"count":6,"href":"https:\/\/studioyangsheng.com\/index.php\/wp-json\/wp\/v2\/pages\/281\/revisions"}],"predecessor-version":[{"id":311,"href":"https:\/\/studioyangsheng.com\/index.php\/wp-json\/wp\/v2\/pages\/281\/revisions\/311"}],"wp:attachment":[{"href":"https:\/\/studioyangsheng.com\/index.php\/wp-json\/wp\/v2\/media?parent=281"}],"curies":[{"name":"wp","href":"https:\/\/api.w.org\/{rel}","templated":true}]}}