{"id":201,"date":"2023-02-17T16:44:28","date_gmt":"2023-02-17T16:44:28","guid":{"rendered":"https:\/\/studioyangsheng.com\/?page_id=201"},"modified":"2023-02-20T06:09:29","modified_gmt":"2023-02-20T06:09:29","slug":"yleisimmat-kasitteet-ja-pisteet","status":"publish","type":"page","link":"https:\/\/studioyangsheng.com\/index.php\/yleisimmat-kasitteet-ja-pisteet\/","title":{"rendered":"Yleisimm\u00e4t k\u00e4sitteet ja pisteet"},"content":{"rendered":"\n<p><strong>\u4e94\u884c, w\u01d4\u200bx\u00edng, Viisi elementti\u00e4<\/strong><\/p>\n\n\n\n<p>Viisi elementti\u00e4 on toinen t\u00e4rkeimmist\u00e4 kiinalaisen perinteisen l\u00e4\u00e4ketieteen ja kosmologian k\u00e4sitteist\u00e4 &#8211; toinen on yin-yang-teoria.  Wu xing-tarkoittaa viitt\u00e4 liikkuvaa ja viittaa viiteen planeettaan, jotka olivat muinoin n\u00e4kyviss\u00e4. Wu xing on lyhenne \u4e94\u884c\u661f <strong>w\u01d4<\/strong><em>x\u00edngx\u012bng<\/em>, jossa viimeinen xing tarkoittaa t\u00e4hte\u00e4. Me kutsumme niit\u00e4 nyky\u00e4\u00e4n planeetoiksi. &#8220;Elementti&#8221;-sana on vakiintunut k\u00e4ytt\u00f6\u00f6n, mutta &#8220;muutos&#8221; olisi parempi, koska elementti tuo mieleen esim. kreikkalaisten viisi elementti\u00e4 ja tietysti elementtien fyysiset vastaavuudet ja t\u00e4m\u00e4 luo hieman v\u00e4\u00e4r\u00e4nlaisen, staattisen kuvan erilaisista tiloista. Oikeasti kysymys on energian jatkuvasta mutoksesta tilasta toiseen.<\/p>\n\n\n\n<p>Kaikki maailmassa voidaan sijoittaa Wu Xing &#8211; teoriaan.  Niiden opiskelu on k\u00e4yt\u00e4nn\u00f6llist\u00e4 aloittaa tutustumalla niihin vuodenaikojen mukaan. Vuosi alkaa kev\u00e4\u00e4st\u00e4, sitten tulee kes\u00e4, loppukes\u00e4, syksy ja talvi. Loppukes\u00e4  on t\u00e4ss\u00e4 meille hieman ylim\u00e4\u00e4r\u00e4inen s\u00e4\u00e4t\u00f6, jotta saadaan viisi t\u00e4yteen. <\/p>\n\n\n\n<p>Kev\u00e4\u00e4n elementti on Puu. Muistis\u00e4\u00e4nt\u00f6n\u00e4, &#8220;kev\u00e4\u00e4ll\u00e4 puut ja luonto alkavat kasvaa ja niiden v\u00e4ri on vihre\u00e4&#8221;. <\/p>\n\n\n\n<p>Kes\u00e4n elementti on Tuli. Muistis\u00e4\u00e4nt\u00f6n\u00e4 &#8220;Puu ruokkii tulta ja tulen v\u00e4ri on punainen&#8221; <\/p>\n\n\n\n<p>Loppukes\u00e4n elementti on Maa. Muistis\u00e4\u00e4nt\u00f6n\u00e4, &#8220;Kun tuli polttaa puun, siit\u00e4 tulee tuhkaa, joka taas yhtyy maahan&#8221;. <\/p>\n\n\n\n<p>Syksyn elementti on Metalli. Muistis\u00e4\u00e4nt\u00f6n\u00e4, &#8220;Kun maa tiivistyy yh\u00e4 syvemm\u00e4lle menness\u00e4 se tiivistyy metalliksi. Metallin v\u00e4ri on valkoinen kuten ter\u00e4ksess\u00e4 esim. miekassa&#8221;.  <\/p>\n\n\n\n<p>Talven elementti on Vesi. Muistis\u00e4\u00e4nt\u00f6n\u00e4 &#8220;Kun metalli talvella j\u00e4\u00e4htyy se synnytt\u00e4 vett\u00e4 sen tiivistyess\u00e4 siihen&#8221;. Veden v\u00e4ri on sininen tai musta.<\/p>\n\n\n\n<p>Kun t\u00e4m\u00e4 runko on selke\u00e4n\u00e4 mieless\u00e4 voi siihen yhdist\u00e4\u00e4 sis\u00e4elimet. (Sis\u00e4elimi\u00e4 on viisi zhang- ja kuusi fu-elint\u00e4. Zhang-elimet ovat yin ja fu-elimet yang. Yleens\u00e4 yin-elin on TCM-kannalta t\u00e4rke\u00e4mpi.)<\/p>\n\n\n\n<p>Vastaavuudet ovat:<\/p>\n\n\n\n<p>Puu-elementti: yin-elin Maksa, yang-elin Sappirakko.<\/p>\n\n\n\n<p>Tuli-elementti: yin-elimet Syd\u00e4n ja Syd\u00e4npussi, yang-elin Ohutsuoli.<\/p>\n\n\n\n<p>Maa-elementti: yin-elin Perna, yang-elin Vatsalaukku.<\/p>\n\n\n\n<p>Metalli-elementti: yin-elin Keuhkot, yang-elin Paksusuoli.<\/p>\n\n\n\n<p>Vesi-elementti: yin-elin Munuaiset, yang-elin Virtsarakko.<\/p>\n\n\n\n<p>Viisi-elementti\u00e4 ovat \u00e4iti-lapsi-suhteessa toisiinsa siten, ett\u00e4 edellinen elementti synnytt\u00e4\u00e4 tai muuntuu seuraavaksi kuten vuodenajat. Sama esitetty alla olevassa kaaviossa.<\/p>\n\n\n\n<figure class=\"wp-block-image size-large\"><img loading=\"lazy\" width=\"1024\" height=\"1024\" src=\"https:\/\/studioyangsheng.com\/wp-content\/uploads\/2023\/02\/Wu_Xing-1024x1024.png\" alt=\"\" class=\"wp-image-220\" srcset=\"https:\/\/studioyangsheng.com\/wp-content\/uploads\/2023\/02\/Wu_Xing-1024x1024.png 1024w, https:\/\/studioyangsheng.com\/wp-content\/uploads\/2023\/02\/Wu_Xing-300x300.png 300w, https:\/\/studioyangsheng.com\/wp-content\/uploads\/2023\/02\/Wu_Xing-150x150.png 150w, https:\/\/studioyangsheng.com\/wp-content\/uploads\/2023\/02\/Wu_Xing-768x768.png 768w, https:\/\/studioyangsheng.com\/wp-content\/uploads\/2023\/02\/Wu_Xing.png 1070w\" sizes=\"(max-width: 1024px) 100vw, 1024px\" \/><\/figure>\n\n\n\n<p><strong>\u5bfc\u5f15\u517b\u751f\u529f\uff0c D\u01ceoy\u01d0n y\u01cengsh\u0113ng g\u014dng\uff0c Dyysg<\/strong><\/p>\n\n\n\n<p><\/p>\n\n\n\n<p>\u4e39\u7530, <strong>D\u0101nti\u00e1n<\/strong>, <strong>Eliksiirikentt\u00e4<\/strong><\/p>\n\n\n\n<p>Dan Tian tarkoittaa eliksiirikentt\u00e4\u00e4 ja on sek\u00e4 taolaisen alkemian, ett\u00e4 kiinalaisen perinteisen l\u00e4\u00e4ketieteen alavatsan energiakeskus. Se sijaitsee Qihai-Ming men- ja Huiyin-Baihui-akselien leikkauskohdassa. Siihen liittyv\u00e4t pisteet ovat yleens\u00e4 Qihai sek\u00e4 sen alapuolella olevan Guanyuan. Qihai-pistett\u00e4 sanotaan my\u00f6s usein n\u00e4enn\u00e4iseksi Dan Tianiksi.  Dan Tianeita on kolme; alempi, keskimm\u00e4inen ja ylempi. Kun puhutaan vain DT:st\u00e4 viitataan alempaan. <\/p>\n\n\n\n<p>Dyysg-harjoitusten alussa pyrit\u00e4\u00e4n saamaan mieli laskeutumaan DT:hen ja qi-ker\u00e4\u00e4ntym\u00e4\u00e4n sinne.  Jos DT:n qi on hyv\u00e4ll\u00e4 tasolla se suojaa aikaisemman taivaan qi:t\u00e4, jota ei voi uudistaa.<\/p>\n\n\n\n<figure class=\"wp-block-image size-large\"><img loading=\"lazy\" width=\"1024\" height=\"506\" src=\"https:\/\/studioyangsheng.com\/wp-content\/uploads\/2023\/02\/Dantian-1024x506.jpg\" alt=\"\" class=\"wp-image-205\" srcset=\"https:\/\/studioyangsheng.com\/wp-content\/uploads\/2023\/02\/Dantian-1024x506.jpg 1024w, https:\/\/studioyangsheng.com\/wp-content\/uploads\/2023\/02\/Dantian-300x148.jpg 300w, https:\/\/studioyangsheng.com\/wp-content\/uploads\/2023\/02\/Dantian-768x379.jpg 768w, https:\/\/studioyangsheng.com\/wp-content\/uploads\/2023\/02\/Dantian.jpg 1227w\" sizes=\"(max-width: 1024px) 100vw, 1024px\" \/><\/figure>\n\n\n\n<p>My\u00f6hemm\u00e4n Taivaan Qi<\/p>\n\n\n\n<p>Aiemman Taivaan Qi<\/p>\n\n\n\n<p><strong>B\u01cei hu\u00ec<\/strong> <strong>\u767e\u4f1a &#8211; Sata kohtaamista<\/strong><\/p>\n\n\n\n<figure class=\"wp-block-image size-full\"><img loading=\"lazy\" width=\"422\" height=\"372\" src=\"https:\/\/studioyangsheng.com\/wp-content\/uploads\/2023\/02\/GV20.jpg\" alt=\"\" class=\"wp-image-209\" srcset=\"https:\/\/studioyangsheng.com\/wp-content\/uploads\/2023\/02\/GV20.jpg 422w, https:\/\/studioyangsheng.com\/wp-content\/uploads\/2023\/02\/GV20-300x264.jpg 300w\" sizes=\"(max-width: 422px) 100vw, 422px\" \/><\/figure>\n\n\n\n<p><strong>M\u00ecng m\u00e9n  \u547d\u95e8 &#8211; El\u00e4m\u00e4n portti<\/strong><\/p>\n\n\n\n<figure class=\"wp-block-image size-full\"><img loading=\"lazy\" width=\"400\" height=\"445\" src=\"https:\/\/studioyangsheng.com\/wp-content\/uploads\/2023\/02\/GV4-400x445-1.jpg\" alt=\"\" class=\"wp-image-213\" srcset=\"https:\/\/studioyangsheng.com\/wp-content\/uploads\/2023\/02\/GV4-400x445-1.jpg 400w, https:\/\/studioyangsheng.com\/wp-content\/uploads\/2023\/02\/GV4-400x445-1-270x300.jpg 270w\" sizes=\"(max-width: 400px) 100vw, 400px\" \/><\/figure>\n\n\n\n<p>Navan vastakkaisella puolella selk\u00e4rangassa. Du-kanavan piste. Liittyy mununaisiin ja aiemman taivaan qihin.<\/p>\n\n\n\n<p><strong>\u52b3\u5bab\uff0cL\u00e1o g\u014dng &#8211; Ty\u00f6n palatsi<\/strong><\/p>\n\n\n\n<p><strong>Yun Men &#8211; Pilviportti<\/strong><\/p>\n\n\n\n<p>Yuan- eli l\u00e4hdepisteet<\/p>\n\n\n\n<p>Ren- ja Du Mai<\/p>\n\n\n\n<p>Harakkasilta<\/p>\n\n\n\n<p>Pienemm\u00e4n taivaan kierto<\/p>\n\n\n\n<p><\/p>\n","protected":false},"excerpt":{"rendered":"<p>\u4e94\u884c, w\u01d4\u200bx\u00edng, Viisi elementti\u00e4 Viisi elementti\u00e4 on toinen t\u00e4rkeimmist\u00e4 kiinalaisen perinteisen l\u00e4\u00e4ketieteen ja kosmologian k\u00e4sitteist\u00e4 &#8211; toinen on yin-yang-teoria. Wu xing-tarkoittaa viitt\u00e4 liikkuvaa ja viittaa viiteen planeettaan, jotka olivat muinoin n\u00e4kyviss\u00e4. Wu xing on lyhenne \u4e94\u884c\u661f w\u01d4x\u00edngx\u012bng, jossa viimeinen xing tarkoittaa t\u00e4hte\u00e4. Me kutsumme niit\u00e4 nyky\u00e4\u00e4n planeetoiksi. &#8220;Elementti&#8221;-sana on vakiintunut k\u00e4ytt\u00f6\u00f6n, mutta &#8220;muutos&#8221; olisi parempi,&hellip; <a class=\"more-link\" href=\"https:\/\/studioyangsheng.com\/index.php\/yleisimmat-kasitteet-ja-pisteet\/\">Continue reading <span class=\"screen-reader-text\">Yleisimm\u00e4t k\u00e4sitteet ja pisteet<\/span><\/a><\/p>\n","protected":false},"author":2,"featured_media":0,"parent":0,"menu_order":0,"comment_status":"closed","ping_status":"closed","template":"","meta":[],"_links":{"self":[{"href":"https:\/\/studioyangsheng.com\/index.php\/wp-json\/wp\/v2\/pages\/201"}],"collection":[{"href":"https:\/\/studioyangsheng.com\/index.php\/wp-json\/wp\/v2\/pages"}],"about":[{"href":"https:\/\/studioyangsheng.com\/index.php\/wp-json\/wp\/v2\/types\/page"}],"author":[{"embeddable":true,"href":"https:\/\/studioyangsheng.com\/index.php\/wp-json\/wp\/v2\/users\/2"}],"replies":[{"embeddable":true,"href":"https:\/\/studioyangsheng.com\/index.php\/wp-json\/wp\/v2\/comments?post=201"}],"version-history":[{"count":16,"href":"https:\/\/studioyangsheng.com\/index.php\/wp-json\/wp\/v2\/pages\/201\/revisions"}],"predecessor-version":[{"id":236,"href":"https:\/\/studioyangsheng.com\/index.php\/wp-json\/wp\/v2\/pages\/201\/revisions\/236"}],"wp:attachment":[{"href":"https:\/\/studioyangsheng.com\/index.php\/wp-json\/wp\/v2\/media?parent=201"}],"curies":[{"name":"wp","href":"https:\/\/api.w.org\/{rel}","templated":true}]}}