{"id":132,"date":"2021-09-26T09:40:37","date_gmt":"2021-09-26T09:40:37","guid":{"rendered":"http:\/\/studioyangsheng.com\/?page_id=132"},"modified":"2021-09-26T09:40:38","modified_gmt":"2021-09-26T09:40:38","slug":"dyysg-lungs-1","status":"publish","type":"page","link":"https:\/\/studioyangsheng.com\/index.php\/dyysg-lungs-1\/","title":{"rendered":"DYYSG Lungs 1"},"content":{"rendered":"\n<p>\u76ca\u6c14\u517b\u80ba\u529f\u7b2c\u76ca\u5957, Y\u00ec q\u00ec y\u01ceng f\u00e8i g\u014dng d\u00ec y\u00ec t\u00e0o<\/p>\n\n\n\n<p>1 \u5e72\u6d74\u8fce\u9999, G\u00e0n y\u00f9 y\u00edng xi\u0101ng, Ying Xiangin kuivapesu<\/p>\n\n\n\n<p>2 \u5355\u7b14\u64ce\u5929, D\u0101n b\u01d0 q\u00edng ti\u0101n, K\u00e4si kannattaa taivasta<\/p>\n\n\n\n<p>3&nbsp; \u56de\u5934\u671b\u6708, Hu\u00edt\u00f3u w\u00e0ngyu\u00e8, K\u00e4\u00e4nnet\u00e4\u00e4n p\u00e4\u00e4t\u00e4 ja katsotaan kuuta<\/p>\n\n\n\n<p>4&nbsp; \u8f7b\u821f\u5e73\u6e21, Q\u012bngzh\u014du p\u00edng d\u00f9, Ty\u00f6nnet\u00e4\u00e4n pient\u00e4 venett\u00e4<\/p>\n\n\n\n<p>5 \u62d9\u7ae5\u6d17\u8863, Zhu\u014d t\u00f3ng x\u01d0y\u012b, Palveluspoika pesee pyykki\u00e4<\/p>\n\n\n\n<p>6&nbsp; \u65cb\u8f6c\u5929\u4e3b, Xu\u00e1nzhu\u01cen ti\u0101nzh\u01d4, Kierret\u00e4\u00e4n taivaallista pilaria<\/p>\n\n\n\n<p>7 \u624b\u6325\u7435\u7436, Sh\u01d2u hu\u012b p\u00edp\u00e1, K\u00e4det soittaa pipaa<\/p>\n\n\n\n<p>8 \u9e3f\u96c1\u98de\u7a7a, H\u00f3ngy\u00e0n f\u0113i k\u014dng, Joutsenhanhi lent\u00e4\u00e4<\/p>\n\n\n\n<figure class=\"wp-block-embed-youtube wp-block-embed is-type-video is-provider-youtube wp-embed-aspect-16-9 wp-has-aspect-ratio\"><div class=\"wp-block-embed__wrapper\">\n<iframe loading=\"lazy\" title=\"DYYSG LUNGS 1 MIRROR\" width=\"750\" height=\"422\" src=\"https:\/\/www.youtube.com\/embed\/1a8yrvR_6f0?feature=oembed\" frameborder=\"0\" allow=\"accelerometer; autoplay; clipboard-write; encrypted-media; gyroscope; picture-in-picture\" allowfullscreen><\/iframe>\n<\/div><\/figure>\n\n\n\n<p>Pisteet:&nbsp;<\/p>\n\n\n\n<p>LIIKE 1:LI-20 \u8fce\u9999, Tervetuloa tuoksut, y\u00edng xi\u0101ng\/&nbsp; Bl-1 \u775b\u660e kirkas silm\u00e4, j\u012bng m\u00edng<\/p>\n\n\n\n<p>LIIKE 3: LU-7 \u5217\u7f3a, Ukkonen,&nbsp; li\u00e8 qu\u0113<\/p>\n\n\n\n<p>LU-11 \u5c11\u5546, sh\u00e0o sh\u0101ng , Pieni kauppias<\/p>\n\n\n\n<p>LU-2 \u96f2\u9580 y\u00fan m\u00e9n, Pilviportti<\/p>\n\n\n\n<p>LU-1 \u4e2d\u5e9c zh\u014dng f\u01d4, Keskimm\u00e4inen palatsi&nbsp;<\/p>\n\n\n\n<p>LI-1 \u5546\u967d sh\u0101ng y\u00e1ng, Kauppias Yang<\/p>\n\n\n\n<p>Du-14 \u5927\u690e d\u00e0 zhu\u012b, Suuri vasara<\/p>\n","protected":false},"excerpt":{"rendered":"<p>\u76ca\u6c14\u517b\u80ba\u529f\u7b2c\u76ca\u5957, Y\u00ec q\u00ec y\u01ceng f\u00e8i g\u014dng d\u00ec y\u00ec t\u00e0o 1 \u5e72\u6d74\u8fce\u9999, G\u00e0n y\u00f9 y\u00edng xi\u0101ng, Ying Xiangin kuivapesu 2 \u5355\u7b14\u64ce\u5929, D\u0101n b\u01d0 q\u00edng ti\u0101n, K\u00e4si kannattaa taivasta 3&nbsp; \u56de\u5934\u671b\u6708, Hu\u00edt\u00f3u w\u00e0ngyu\u00e8, K\u00e4\u00e4nnet\u00e4\u00e4n p\u00e4\u00e4t\u00e4 ja katsotaan kuuta 4&nbsp; \u8f7b\u821f\u5e73\u6e21, Q\u012bngzh\u014du p\u00edng d\u00f9, Ty\u00f6nnet\u00e4\u00e4n pient\u00e4 venett\u00e4 5 \u62d9\u7ae5\u6d17\u8863, Zhu\u014d t\u00f3ng x\u01d0y\u012b, Palveluspoika pesee pyykki\u00e4 6&nbsp; \u65cb\u8f6c\u5929\u4e3b, Xu\u00e1nzhu\u01cen&hellip; <a class=\"more-link\" href=\"https:\/\/studioyangsheng.com\/index.php\/dyysg-lungs-1\/\">Continue reading <span class=\"screen-reader-text\">DYYSG Lungs 1<\/span><\/a><\/p>\n","protected":false},"author":2,"featured_media":0,"parent":0,"menu_order":0,"comment_status":"closed","ping_status":"closed","template":"","meta":[],"_links":{"self":[{"href":"https:\/\/studioyangsheng.com\/index.php\/wp-json\/wp\/v2\/pages\/132"}],"collection":[{"href":"https:\/\/studioyangsheng.com\/index.php\/wp-json\/wp\/v2\/pages"}],"about":[{"href":"https:\/\/studioyangsheng.com\/index.php\/wp-json\/wp\/v2\/types\/page"}],"author":[{"embeddable":true,"href":"https:\/\/studioyangsheng.com\/index.php\/wp-json\/wp\/v2\/users\/2"}],"replies":[{"embeddable":true,"href":"https:\/\/studioyangsheng.com\/index.php\/wp-json\/wp\/v2\/comments?post=132"}],"version-history":[{"count":1,"href":"https:\/\/studioyangsheng.com\/index.php\/wp-json\/wp\/v2\/pages\/132\/revisions"}],"predecessor-version":[{"id":133,"href":"https:\/\/studioyangsheng.com\/index.php\/wp-json\/wp\/v2\/pages\/132\/revisions\/133"}],"wp:attachment":[{"href":"https:\/\/studioyangsheng.com\/index.php\/wp-json\/wp\/v2\/media?parent=132"}],"curies":[{"name":"wp","href":"https:\/\/api.w.org\/{rel}","templated":true}]}}